{"id":706,"date":"2021-02-22T12:05:31","date_gmt":"2021-02-22T12:05:31","guid":{"rendered":"https:\/\/shop.gaengeviertel.de\/?post_type=product&#038;p=706"},"modified":"2021-05-01T22:21:21","modified_gmt":"2021-05-01T20:21:21","slug":"muetze-komm-in-die-gaenge","status":"publish","type":"product","link":"https:\/\/shop.gaengeviertel.de\/index.php\/produkt\/muetze-komm-in-die-gaenge\/","title":{"rendered":"M\u00fctze KOMM IN DIE G\u00c4NGE"},"content":{"rendered":"<p>Kalte Ohren nach ner Party bekommst du mit dieser M\u00fctze auf keinen Fall! Der perfekte Wegbegleiter f\u00fcr alle st\u00fcrmischen und kalten Situationen. Bestickt mit dem Slogan: Komm in die G\u00e4nge<\/p>\n","protected":false},"excerpt":{"rendered":"<p>schwarze M\u00fctze<\/p>\n<p>bestickt<\/p>\n<p>kuschlig weich<\/p>\n","protected":false},"featured_media":779,"template":"","meta":[],"product_brand":[],"product_cat":[58,27],"product_tag":[],"class_list":{"0":"post-706","1":"product","2":"type-product","3":"status-publish","4":"has-post-thumbnail","6":"product_cat-und-sonst-so","7":"product_cat-gedoens","9":"first","10":"instock","11":"taxable","12":"shipping-taxable","13":"purchasable","14":"product-type-simple"},"_links":{"self":[{"href":"https:\/\/shop.gaengeviertel.de\/index.php\/wp-json\/wp\/v2\/product\/706","targetHints":{"allow":["GET"]}}],"collection":[{"href":"https:\/\/shop.gaengeviertel.de\/index.php\/wp-json\/wp\/v2\/product"}],"about":[{"href":"https:\/\/shop.gaengeviertel.de\/index.php\/wp-json\/wp\/v2\/types\/product"}],"wp:featuredmedia":[{"embeddable":true,"href":"https:\/\/shop.gaengeviertel.de\/index.php\/wp-json\/wp\/v2\/media\/779"}],"wp:attachment":[{"href":"https:\/\/shop.gaengeviertel.de\/index.php\/wp-json\/wp\/v2\/media?parent=706"}],"wp:term":[{"taxonomy":"product_brand","embeddable":true,"href":"https:\/\/shop.gaengeviertel.de\/index.php\/wp-json\/wp\/v2\/product_brand?post=706"},{"taxonomy":"product_cat","embeddable":true,"href":"https:\/\/shop.gaengeviertel.de\/index.php\/wp-json\/wp\/v2\/product_cat?post=706"},{"taxonomy":"product_tag","embeddable":true,"href":"https:\/\/shop.gaengeviertel.de\/index.php\/wp-json\/wp\/v2\/product_tag?post=706"}],"curies":[{"name":"wp","href":"https:\/\/api.w.org\/{rel}","templated":true}]}}