{"id":704,"date":"2021-04-03T13:01:10","date_gmt":"2021-04-03T13:01:10","guid":{"rendered":"https:\/\/shop.gaengeviertel.de\/?post_type=product&#038;p=704"},"modified":"2022-08-23T14:59:04","modified_gmt":"2022-08-23T12:59:04","slug":"geschirrtuch-kunstdruck-gaengeviertel","status":"publish","type":"product","link":"https:\/\/shop.gaengeviertel.de\/index.php\/produkt\/geschirrtuch-kunstdruck-gaengeviertel\/","title":{"rendered":"Geschirrtuch Kunstdruck G\u00e4ngeviertel"},"content":{"rendered":"<p>Du willst Muddi und Vaddi zeigen wie das sch\u00f6nste Viertel der Welt aussieht? Perfekt dann hast du hier jetzt die M\u00f6glichkeit dazu:) Oder du trocknest zu Abwechslung auch mal ab, daf\u00fcr ist&#8217;s auch super gut!<\/p>\n","protected":false},"excerpt":{"rendered":"<p>Geschirrtuch<\/p>\n<p>Handbedruckt mit dem Motiv Fabrik und Familienhaus<\/p>\n","protected":false},"featured_media":799,"template":"","meta":[],"product_brand":[],"product_cat":[58,27],"product_tag":[],"class_list":{"0":"post-704","1":"product","2":"type-product","3":"status-publish","4":"has-post-thumbnail","6":"product_cat-und-sonst-so","7":"product_cat-gedoens","9":"first","10":"instock","11":"taxable","12":"shipping-taxable","13":"purchasable","14":"product-type-simple"},"_links":{"self":[{"href":"https:\/\/shop.gaengeviertel.de\/index.php\/wp-json\/wp\/v2\/product\/704","targetHints":{"allow":["GET"]}}],"collection":[{"href":"https:\/\/shop.gaengeviertel.de\/index.php\/wp-json\/wp\/v2\/product"}],"about":[{"href":"https:\/\/shop.gaengeviertel.de\/index.php\/wp-json\/wp\/v2\/types\/product"}],"wp:featuredmedia":[{"embeddable":true,"href":"https:\/\/shop.gaengeviertel.de\/index.php\/wp-json\/wp\/v2\/media\/799"}],"wp:attachment":[{"href":"https:\/\/shop.gaengeviertel.de\/index.php\/wp-json\/wp\/v2\/media?parent=704"}],"wp:term":[{"taxonomy":"product_brand","embeddable":true,"href":"https:\/\/shop.gaengeviertel.de\/index.php\/wp-json\/wp\/v2\/product_brand?post=704"},{"taxonomy":"product_cat","embeddable":true,"href":"https:\/\/shop.gaengeviertel.de\/index.php\/wp-json\/wp\/v2\/product_cat?post=704"},{"taxonomy":"product_tag","embeddable":true,"href":"https:\/\/shop.gaengeviertel.de\/index.php\/wp-json\/wp\/v2\/product_tag?post=704"}],"curies":[{"name":"wp","href":"https:\/\/api.w.org\/{rel}","templated":true}]}}