{"id":655,"date":"2020-09-23T11:00:05","date_gmt":"2020-09-23T11:00:05","guid":{"rendered":"https:\/\/shop.gaengeviertel.de\/?post_type=product&#038;p=655"},"modified":"2021-02-04T14:44:30","modified_gmt":"2021-02-04T14:44:30","slug":"bio-sportflugscheibe","status":"publish","type":"product","link":"https:\/\/shop.gaengeviertel.de\/index.php\/produkt\/bio-sportflugscheibe\/","title":{"rendered":"BIO-Sportflugscheibe"},"content":{"rendered":"<p style=\"text-align: left;\"><span lang=\"de\">Das Material f\u00fcr unsere Frisbee besteht aus ca. 70% nachwachsenden Rohstoffen und ist zu 100% biologisch abbaubar.<\/span><\/p>\n","protected":false},"excerpt":{"rendered":"<p>Flugscheibe KOMM IN DIE G\u00c4NGE<\/p>\n<p>Gr\u00f6\u00dfe: \u00d8 ca 27 cm<\/p>\n<p>Gewicht: 175 g<\/p>\n","protected":false},"featured_media":656,"template":"","meta":[],"product_brand":[],"product_cat":[58,27],"product_tag":[],"class_list":{"0":"post-655","1":"product","2":"type-product","3":"status-publish","4":"has-post-thumbnail","6":"product_cat-und-sonst-so","7":"product_cat-gedoens","9":"first","10":"instock","11":"taxable","12":"shipping-taxable","13":"purchasable","14":"product-type-simple"},"_links":{"self":[{"href":"https:\/\/shop.gaengeviertel.de\/index.php\/wp-json\/wp\/v2\/product\/655","targetHints":{"allow":["GET"]}}],"collection":[{"href":"https:\/\/shop.gaengeviertel.de\/index.php\/wp-json\/wp\/v2\/product"}],"about":[{"href":"https:\/\/shop.gaengeviertel.de\/index.php\/wp-json\/wp\/v2\/types\/product"}],"wp:featuredmedia":[{"embeddable":true,"href":"https:\/\/shop.gaengeviertel.de\/index.php\/wp-json\/wp\/v2\/media\/656"}],"wp:attachment":[{"href":"https:\/\/shop.gaengeviertel.de\/index.php\/wp-json\/wp\/v2\/media?parent=655"}],"wp:term":[{"taxonomy":"product_brand","embeddable":true,"href":"https:\/\/shop.gaengeviertel.de\/index.php\/wp-json\/wp\/v2\/product_brand?post=655"},{"taxonomy":"product_cat","embeddable":true,"href":"https:\/\/shop.gaengeviertel.de\/index.php\/wp-json\/wp\/v2\/product_cat?post=655"},{"taxonomy":"product_tag","embeddable":true,"href":"https:\/\/shop.gaengeviertel.de\/index.php\/wp-json\/wp\/v2\/product_tag?post=655"}],"curies":[{"name":"wp","href":"https:\/\/api.w.org\/{rel}","templated":true}]}}