{"id":628,"date":"2020-09-06T17:36:55","date_gmt":"2020-09-06T17:36:55","guid":{"rendered":"https:\/\/shop.gaengeviertel.de\/?post_type=product&#038;p=628"},"modified":"2020-09-20T14:54:02","modified_gmt":"2020-09-20T14:54:02","slug":"marshal-bars-2","status":"publish","type":"product","link":"https:\/\/shop.gaengeviertel.de\/index.php\/produkt\/marshal-bars-2\/","title":{"rendered":"Marshal Bars"},"content":{"rendered":"<p>\u201eMarshal Bars\u201c ist eine feine Stencilarbeit des K\u00fcnstlers Marshal Arts, auf Karton bzw. festem Papier in aufwendiger Handarbeit gespr\u00fcht und hat die Ma\u00dfe ca. 59 x 42 cm.<\/p>\n<p>Die Signatur befindet sich jeweils auf der Vorderseite unten rechts. Jedes Werk ist einzeln gefertigt und unterscheidet sich in den Farben und der Oberfl\u00e4chentextur. Es ist somit im Grunde eine Edition mit unikatem Anteil.<\/p>\n","protected":false},"excerpt":{"rendered":"<div class=\"woocommerce-product-details__short-description\">\n<div class=\"woocommerce-product-details__short-description\">\n<p>Multilayer-Stencil von Marshal Arts<\/p>\n<p>auf Karton \/ festem Papier<\/p>\n<p>Edition mit unikatem Anteil<\/p>\n<p>signiert<\/p>\n<p>Gr\u00f6\u00dfe: ca. 59 x 42 cm<\/p>\n<\/div>\n<\/div>\n","protected":false},"featured_media":629,"template":"","meta":[],"product_brand":[],"product_cat":[29],"product_tag":[84,83,79,81,80,82],"class_list":{"0":"post-628","1":"product","2":"type-product","3":"status-publish","4":"has-post-thumbnail","6":"product_cat-kunst","7":"product_tag-art","8":"product_tag-kunst","9":"product_tag-marshal-arts","10":"product_tag-multilayer","11":"product_tag-stencil","12":"product_tag-unikat","13":"pa_groesse-59-x-42-cm","15":"first","16":"instock","17":"taxable","18":"shipping-taxable","19":"purchasable","20":"product-type-simple"},"_links":{"self":[{"href":"https:\/\/shop.gaengeviertel.de\/index.php\/wp-json\/wp\/v2\/product\/628","targetHints":{"allow":["GET"]}}],"collection":[{"href":"https:\/\/shop.gaengeviertel.de\/index.php\/wp-json\/wp\/v2\/product"}],"about":[{"href":"https:\/\/shop.gaengeviertel.de\/index.php\/wp-json\/wp\/v2\/types\/product"}],"wp:featuredmedia":[{"embeddable":true,"href":"https:\/\/shop.gaengeviertel.de\/index.php\/wp-json\/wp\/v2\/media\/629"}],"wp:attachment":[{"href":"https:\/\/shop.gaengeviertel.de\/index.php\/wp-json\/wp\/v2\/media?parent=628"}],"wp:term":[{"taxonomy":"product_brand","embeddable":true,"href":"https:\/\/shop.gaengeviertel.de\/index.php\/wp-json\/wp\/v2\/product_brand?post=628"},{"taxonomy":"product_cat","embeddable":true,"href":"https:\/\/shop.gaengeviertel.de\/index.php\/wp-json\/wp\/v2\/product_cat?post=628"},{"taxonomy":"product_tag","embeddable":true,"href":"https:\/\/shop.gaengeviertel.de\/index.php\/wp-json\/wp\/v2\/product_tag?post=628"}],"curies":[{"name":"wp","href":"https:\/\/api.w.org\/{rel}","templated":true}]}}