{"id":495,"date":"2020-05-20T09:06:06","date_gmt":"2020-05-20T09:06:06","guid":{"rendered":"https:\/\/shop.gaengeviertel.de\/?post_type=product&#038;p=495"},"modified":"2023-02-02T23:48:52","modified_gmt":"2023-02-02T22:48:52","slug":"leavenoonebehind-female","status":"publish","type":"product","link":"https:\/\/shop.gaengeviertel.de\/index.php\/produkt\/leavenoonebehind-female\/","title":{"rendered":"#LeaveNoOneBehind\u2640"},"content":{"rendered":"<p>Unter dem Hashtag #LeaveNoOneBehind fordern wir zusammen mit europ\u00e4ischen B\u00fcrger*innen, Politiker*innen und Prominenten von der EU-Kommission und den EU-Regierungen die sofortige Evakuierung der \u00fcberf\u00fcllten Fl\u00fcchtlingslager und Unterbringung der Menschen an Orten, in denen sie gesch\u00fctzer vor dem Virus sind.<\/p>\n<p>Denn Gefl\u00fcchtete an den EU-Au\u00dfengrenzen, Obdachlose, Alte und Kranke treffen die Auswirkungen des Virus sehr. Frauen, LGBTQI und People of Colour sind dabei noch einmal besonders gef\u00e4hrdet.<\/p>\n<p>&nbsp;<\/p>\n<p>Mit dieser Soli-Aktion unterstreichen wir die Forderungen nach einem gemeinsamen solidarischen Handeln und unterst\u00fctzen die Initiative mit Shirts aus der Siebdruckerei der Farbfabrique.<\/p>\n","protected":false},"excerpt":{"rendered":"<div class=\"woocommerce-product-details__short-description\">\n<p>Damen-T-Shirtverschiedene Gr\u00f6\u00dfen auf Lager<\/p>\n<p>wei\u00df<\/p>\n<p>100% Baumwolle<\/p>\n<p>handbedruckt per Siebdruck<\/p>\n<\/div>\n","protected":false},"featured_media":473,"template":"","meta":[],"product_brand":[],"product_cat":[64],"product_tag":[],"class_list":{"0":"post-495","1":"product","2":"type-product","3":"status-publish","4":"has-post-thumbnail","6":"product_cat-leave-no-one-behind","7":"pa_groesse-klein","8":"pa_groesse-medium","9":"pa_groesse-large","11":"first","12":"instock","13":"taxable","14":"shipping-taxable","15":"purchasable","16":"product-type-variable"},"_links":{"self":[{"href":"https:\/\/shop.gaengeviertel.de\/index.php\/wp-json\/wp\/v2\/product\/495","targetHints":{"allow":["GET"]}}],"collection":[{"href":"https:\/\/shop.gaengeviertel.de\/index.php\/wp-json\/wp\/v2\/product"}],"about":[{"href":"https:\/\/shop.gaengeviertel.de\/index.php\/wp-json\/wp\/v2\/types\/product"}],"wp:featuredmedia":[{"embeddable":true,"href":"https:\/\/shop.gaengeviertel.de\/index.php\/wp-json\/wp\/v2\/media\/473"}],"wp:attachment":[{"href":"https:\/\/shop.gaengeviertel.de\/index.php\/wp-json\/wp\/v2\/media?parent=495"}],"wp:term":[{"taxonomy":"product_brand","embeddable":true,"href":"https:\/\/shop.gaengeviertel.de\/index.php\/wp-json\/wp\/v2\/product_brand?post=495"},{"taxonomy":"product_cat","embeddable":true,"href":"https:\/\/shop.gaengeviertel.de\/index.php\/wp-json\/wp\/v2\/product_cat?post=495"},{"taxonomy":"product_tag","embeddable":true,"href":"https:\/\/shop.gaengeviertel.de\/index.php\/wp-json\/wp\/v2\/product_tag?post=495"}],"curies":[{"name":"wp","href":"https:\/\/api.w.org\/{rel}","templated":true}]}}