{"id":380,"date":"2020-05-03T16:39:20","date_gmt":"2020-05-03T16:39:20","guid":{"rendered":"https:\/\/shop.gaengeviertel.de\/?post_type=product&#038;p=380"},"modified":"2020-06-29T09:12:11","modified_gmt":"2020-06-29T09:12:11","slug":"lilac-i","status":"publish","type":"product","link":"https:\/\/shop.gaengeviertel.de\/index.php\/produkt\/lilac-i\/","title":{"rendered":"Lilac I \u2640"},"content":{"rendered":"<p>Schwarzer Hoodie mit einem blau-lila-pinkem &#8222;Komm in die G\u00e4nge&#8220;-Logo &#8211; so vielschichtig und einzigartig wie seine zuk\u00fcnftige Tr\u00e4ger*in!<\/p>\n","protected":false},"excerpt":{"rendered":"<div class=\"woocommerce-product-details__short-description\">\n<div class=\"woocommerce-product-details__short-description\">\n<p>Damen-Hoodie mit Tasche vorne<\/p>\n<p>schwarz<\/p>\n<p>Gr\u00f6\u00dfe L<\/p>\n<p>Unikat (einseitig handbedruckt per Siebdruck)<\/p>\n<p>70% Baumwolle, 30% Polyester<\/p>\n<\/div>\n<\/div>\n","protected":false},"featured_media":381,"template":"","meta":[],"product_brand":[],"product_cat":[17],"product_tag":[],"class_list":{"0":"post-380","1":"product","2":"type-product","3":"status-publish","4":"has-post-thumbnail","6":"product_cat-hoodies","7":"pa_groesse-large","9":"first","10":"outofstock","11":"taxable","12":"shipping-taxable","13":"purchasable","14":"product-type-simple"},"_links":{"self":[{"href":"https:\/\/shop.gaengeviertel.de\/index.php\/wp-json\/wp\/v2\/product\/380","targetHints":{"allow":["GET"]}}],"collection":[{"href":"https:\/\/shop.gaengeviertel.de\/index.php\/wp-json\/wp\/v2\/product"}],"about":[{"href":"https:\/\/shop.gaengeviertel.de\/index.php\/wp-json\/wp\/v2\/types\/product"}],"wp:featuredmedia":[{"embeddable":true,"href":"https:\/\/shop.gaengeviertel.de\/index.php\/wp-json\/wp\/v2\/media\/381"}],"wp:attachment":[{"href":"https:\/\/shop.gaengeviertel.de\/index.php\/wp-json\/wp\/v2\/media?parent=380"}],"wp:term":[{"taxonomy":"product_brand","embeddable":true,"href":"https:\/\/shop.gaengeviertel.de\/index.php\/wp-json\/wp\/v2\/product_brand?post=380"},{"taxonomy":"product_cat","embeddable":true,"href":"https:\/\/shop.gaengeviertel.de\/index.php\/wp-json\/wp\/v2\/product_cat?post=380"},{"taxonomy":"product_tag","embeddable":true,"href":"https:\/\/shop.gaengeviertel.de\/index.php\/wp-json\/wp\/v2\/product_tag?post=380"}],"curies":[{"name":"wp","href":"https:\/\/api.w.org\/{rel}","templated":true}]}}