{"id":129,"date":"2020-04-18T16:44:19","date_gmt":"2020-04-18T16:44:19","guid":{"rendered":"https:\/\/shop.gaengeviertel.de\/?post_type=product&#038;p=129"},"modified":"2020-06-15T19:56:50","modified_gmt":"2020-06-15T19:56:50","slug":"notizbuch-haette-sollte-wuerde-koennte-machen","status":"publish","type":"product","link":"https:\/\/shop.gaengeviertel.de\/index.php\/produkt\/notizbuch-haette-sollte-wuerde-koennte-machen\/","title":{"rendered":"Notizbuch H\u00c4TTE.. SOLLTE.. W\u00dcRDE.. K\u00d6NNTE.. MACHEN!"},"content":{"rendered":"<p>Notizbuch blanko, unbedruckt, unliniiert<\/p>\n<p>&nbsp;<\/p>\n<p>F\u00fcr all die Dinge, die mensch <del>h\u00e4tte<\/del>, <del>sollte<\/del>, <del>w\u00fcrde<\/del>, <del>k\u00f6nnte<\/del>, machen will!<\/p>\n","protected":false},"excerpt":{"rendered":"<p>Ware wird nach Geldeingang innerhalb von 14 Tagen versendet, Lieferzeit nach Versand betr\u00e4gt 3 &#8211; 5 Tage<\/p>\n","protected":false},"featured_media":386,"template":"","meta":[],"product_brand":[],"product_cat":[58,27],"product_tag":[],"class_list":{"0":"post-129","1":"product","2":"type-product","3":"status-publish","4":"has-post-thumbnail","6":"product_cat-und-sonst-so","7":"product_cat-gedoens","9":"first","10":"outofstock","11":"taxable","12":"shipping-taxable","13":"purchasable","14":"product-type-simple"},"_links":{"self":[{"href":"https:\/\/shop.gaengeviertel.de\/index.php\/wp-json\/wp\/v2\/product\/129","targetHints":{"allow":["GET"]}}],"collection":[{"href":"https:\/\/shop.gaengeviertel.de\/index.php\/wp-json\/wp\/v2\/product"}],"about":[{"href":"https:\/\/shop.gaengeviertel.de\/index.php\/wp-json\/wp\/v2\/types\/product"}],"wp:featuredmedia":[{"embeddable":true,"href":"https:\/\/shop.gaengeviertel.de\/index.php\/wp-json\/wp\/v2\/media\/386"}],"wp:attachment":[{"href":"https:\/\/shop.gaengeviertel.de\/index.php\/wp-json\/wp\/v2\/media?parent=129"}],"wp:term":[{"taxonomy":"product_brand","embeddable":true,"href":"https:\/\/shop.gaengeviertel.de\/index.php\/wp-json\/wp\/v2\/product_brand?post=129"},{"taxonomy":"product_cat","embeddable":true,"href":"https:\/\/shop.gaengeviertel.de\/index.php\/wp-json\/wp\/v2\/product_cat?post=129"},{"taxonomy":"product_tag","embeddable":true,"href":"https:\/\/shop.gaengeviertel.de\/index.php\/wp-json\/wp\/v2\/product_tag?post=129"}],"curies":[{"name":"wp","href":"https:\/\/api.w.org\/{rel}","templated":true}]}}