{"id":57,"date":"2020-04-15T21:37:29","date_gmt":"2020-04-15T21:37:29","guid":{"rendered":"https:\/\/shop.gaengeviertel.de\/index.php\/homepage\/"},"modified":"2020-05-21T21:50:10","modified_gmt":"2020-05-21T21:50:10","slug":"homepage","status":"publish","type":"page","link":"https:\/\/shop.gaengeviertel.de\/","title":{"rendered":"Start"},"content":{"rendered":"\n<div class=\"wp-block-cover alignfull has-light-gray-background-color has-parallax\" style=\"background-image:url(https:\/\/shop.gaengeviertel.de\/wp-content\/uploads\/2020\/04\/united-e1586985886100.jpg)\"><div class=\"wp-block-cover__inner-container is-layout-flow wp-block-cover-is-layout-flow\">\n<p class=\"has-text-align-center has-large-font-size\"><\/p>\n<\/div><\/div>\n\n\n\n<h2 class=\"has-text-align-center wp-block-heading\">Neuestes<\/h2>\n\n\n<div data-block-name=\"woocommerce\/product-new\" class=\"wc-block-grid wp-block-product-new wp-block-woocommerce-product-new wc-block-product-new has-3-columns has-multiple-rows\"><ul class=\"wc-block-grid__products\"><li class=\"wc-block-grid__product\">\n\t\t\t\t<a href=\"https:\/\/shop.gaengeviertel.de\/index.php\/produkt\/t-shirt-spinne\/\" class=\"wc-block-grid__product-link\">\n\t\t\t\t\t\n\t\t\t\t\t<div class=\"wc-block-grid__product-image\"><img loading=\"lazy\" decoding=\"async\" width=\"300\" height=\"400\" src=\"https:\/\/shop.gaengeviertel.de\/wp-content\/uploads\/2022\/04\/330D2A53-98F0-4BAF-9153-C0B97D340E61_1_105_c-300x400.jpeg\" class=\"attachment-woocommerce_thumbnail size-woocommerce_thumbnail\" alt=\"T-Shirt Spinne\" srcset=\"https:\/\/shop.gaengeviertel.de\/wp-content\/uploads\/2022\/04\/330D2A53-98F0-4BAF-9153-C0B97D340E61_1_105_c-300x400.jpeg 300w, https:\/\/shop.gaengeviertel.de\/wp-content\/uploads\/2022\/04\/330D2A53-98F0-4BAF-9153-C0B97D340E61_1_105_c-225x300.jpeg 225w, https:\/\/shop.gaengeviertel.de\/wp-content\/uploads\/2022\/04\/330D2A53-98F0-4BAF-9153-C0B97D340E61_1_105_c-600x800.jpeg 600w, https:\/\/shop.gaengeviertel.de\/wp-content\/uploads\/2022\/04\/330D2A53-98F0-4BAF-9153-C0B97D340E61_1_105_c.jpeg 768w\" sizes=\"auto, (max-width: 300px) 100vw, 300px\"><\/div>\n\t\t\t\t\t<div class=\"wc-block-grid__product-title\">T-Shirt Spinne<\/div>\n\t\t\t\t<\/a>\n\t\t\t\t<div class=\"wc-block-grid__product-price price\"><span class=\"woocommerce-Price-amount amount\"><span class=\"woocommerce-Price-currencySymbol\">&euro;<\/span>20,00<\/span><\/div><p class=\"wc-gzd-additional-info wc-gzd-additional-info-loop tax-info\">inkl. MwSt.<\/p><p class=\"wc-gzd-additional-info wc-gzd-additional-info-loop shipping-costs-info\">zzgl. <a href=\"https:\/\/shop.gaengeviertel.de\/index.php\/versandarten\/\" target=\"_blank\">Versandkosten<\/a><\/p><p class=\"wc-gzd-additional-info delivery-time-info wc-gzd-additional-info-loop\"><span class=\"delivery-time-inner delivery-time-versand-innerhalb-von-14-tagen-nach-geldeingang-lieferzeit-3-5-tage\">Lieferzeit: <span class=\"delivery-time-data\">Versand innerhalb von 14 Tagen nach Geldeingang, Lieferzeit 3-5 Tage<\/span><\/span><\/p>\n\t\t\t\t\n\t\t\t\t<div class=\"wp-block-button wc-block-grid__product-add-to-cart\"><a href=\"https:\/\/shop.gaengeviertel.de\/index.php\/produkt\/t-shirt-spinne\/\" aria-label=\"W&auml;hle Optionen f&uuml;r &bdquo;T-Shirt Spinne&ldquo;\" data-quantity=\"1\" data-product_id=\"944\" data-product_sku=\"\" data-price=\"20\" rel=\"nofollow\" class=\"wp-block-button__link  add_to_cart_button\">Ausf&uuml;hrung w&auml;hlen<\/a><\/div>\n\t\t\t<\/li>\n<li class=\"wc-block-grid__product\">\n\t\t\t\t<a href=\"https:\/\/shop.gaengeviertel.de\/index.php\/produkt\/das-gaengeviertel-magazin\/\" class=\"wc-block-grid__product-link\">\n\t\t\t\t\t\n\t\t\t\t\t<div class=\"wc-block-grid__product-image\"><img loading=\"lazy\" decoding=\"async\" width=\"300\" height=\"400\" src=\"https:\/\/shop.gaengeviertel.de\/wp-content\/uploads\/2022\/04\/Gaengeviertel_Magazin-300x400.jpg\" class=\"attachment-woocommerce_thumbnail size-woocommerce_thumbnail\" alt=\"Das G&auml;ngeviertel Magazin\"><\/div>\n\t\t\t\t\t<div class=\"wc-block-grid__product-title\">Das G&auml;ngeviertel Magazin<\/div>\n\t\t\t\t<\/a>\n\t\t\t\t<div class=\"wc-block-grid__product-price price\"><span class=\"woocommerce-Price-amount amount\"><span class=\"woocommerce-Price-currencySymbol\">&euro;<\/span>4,00<\/span><\/div><p class=\"wc-gzd-additional-info wc-gzd-additional-info-loop tax-info\">inkl. 19 % MwSt.<\/p><p class=\"wc-gzd-additional-info wc-gzd-additional-info-loop shipping-costs-info\">zzgl. <a href=\"https:\/\/shop.gaengeviertel.de\/index.php\/versandarten\/\" target=\"_blank\">Versandkosten<\/a><\/p>\n\t\t\t\t\n\t\t\t\t<div class=\"wp-block-button wc-block-grid__product-add-to-cart\"><a href=\"\/index.php\/wp-json\/wp\/v2\/pages\/57?add-to-cart=954\" aria-label=\"In den Warenkorb legen: &bdquo;Das G&auml;ngeviertel Magazin&ldquo;\" data-quantity=\"1\" data-product_id=\"954\" data-product_sku=\"G122\" data-price=\"4\" rel=\"nofollow\" class=\"wp-block-button__link  add_to_cart_button ajax_add_to_cart\">In den Warenkorb<\/a><\/div>\n\t\t\t<\/li>\n<li class=\"wc-block-grid__product\">\n\t\t\t\t<a href=\"https:\/\/shop.gaengeviertel.de\/index.php\/produkt\/zollstock-komm-in-die-gaenge\/\" class=\"wc-block-grid__product-link\">\n\t\t\t\t\t\n\t\t\t\t\t<div class=\"wc-block-grid__product-image\"><img loading=\"lazy\" decoding=\"async\" width=\"300\" height=\"400\" src=\"https:\/\/shop.gaengeviertel.de\/wp-content\/uploads\/2022\/03\/Zollstock-2-300x400.jpg\" class=\"attachment-woocommerce_thumbnail size-woocommerce_thumbnail\" alt=\"Zollstock KOMM IN DIE G&Auml;NGE\"><\/div>\n\t\t\t\t\t<div class=\"wc-block-grid__product-title\">Zollstock KOMM IN DIE G&Auml;NGE<\/div>\n\t\t\t\t<\/a>\n\t\t\t\t<div class=\"wc-block-grid__product-price price\"><span class=\"woocommerce-Price-amount amount\"><span class=\"woocommerce-Price-currencySymbol\">&euro;<\/span>6,00<\/span><\/div><p class=\"wc-gzd-additional-info wc-gzd-additional-info-loop tax-info\">inkl. 19 % MwSt.<\/p><p class=\"wc-gzd-additional-info wc-gzd-additional-info-loop shipping-costs-info\">zzgl. <a href=\"https:\/\/shop.gaengeviertel.de\/index.php\/versandarten\/\" target=\"_blank\">Versandkosten<\/a><\/p><p class=\"wc-gzd-additional-info delivery-time-info wc-gzd-additional-info-loop\"><span class=\"delivery-time-inner delivery-time-versand-innerhalb-von-14-tagen-nach-geldeingang-lieferzeit-3-5-tage\">Lieferzeit: <span class=\"delivery-time-data\">Versand innerhalb von 14 Tagen nach Geldeingang, Lieferzeit 3-5 Tage<\/span><\/span><\/p>\n\t\t\t\t\n\t\t\t\t<div class=\"wp-block-button wc-block-grid__product-add-to-cart\"><a href=\"\/index.php\/wp-json\/wp\/v2\/pages\/57?add-to-cart=940\" aria-label=\"In den Warenkorb legen: &bdquo;Zollstock KOMM IN DIE G&Auml;NGE&ldquo;\" data-quantity=\"1\" data-product_id=\"940\" data-product_sku=\"G121\" data-price=\"6\" rel=\"nofollow\" class=\"wp-block-button__link  add_to_cart_button ajax_add_to_cart\">In den Warenkorb<\/a><\/div>\n\t\t\t<\/li>\n<li class=\"wc-block-grid__product\">\n\t\t\t\t<a href=\"https:\/\/shop.gaengeviertel.de\/index.php\/produkt\/kondome-komm-in-den-gaengen\/\" class=\"wc-block-grid__product-link\">\n\t\t\t\t\t\n\t\t\t\t\t<div class=\"wc-block-grid__product-image\"><img loading=\"lazy\" decoding=\"async\" width=\"300\" height=\"400\" src=\"https:\/\/shop.gaengeviertel.de\/wp-content\/uploads\/2021\/10\/IMG_3368-300x400.jpeg\" class=\"attachment-woocommerce_thumbnail size-woocommerce_thumbnail\" alt=\"Kondome - Komm in den G&auml;ngen\"><\/div>\n\t\t\t\t\t<div class=\"wc-block-grid__product-title\">Kondome &#8211; Komm in den G&auml;ngen<\/div>\n\t\t\t\t<\/a>\n\t\t\t\t<div class=\"wc-block-grid__product-price price\"><span class=\"woocommerce-Price-amount amount\"><span class=\"woocommerce-Price-currencySymbol\">&euro;<\/span>2,50<\/span><\/div><p class=\"wc-gzd-additional-info wc-gzd-additional-info-loop tax-info\">inkl. 19 % MwSt.<\/p><p class=\"wc-gzd-additional-info wc-gzd-additional-info-loop shipping-costs-info\">zzgl. <a href=\"https:\/\/shop.gaengeviertel.de\/index.php\/versandarten\/\" target=\"_blank\">Versandkosten<\/a><\/p><p class=\"wc-gzd-additional-info delivery-time-info wc-gzd-additional-info-loop\"><span class=\"delivery-time-inner delivery-time-versand-innerhalb-von-14-tagen-nach-geldeingang-lieferzeit-3-5-tage\">Lieferzeit: <span class=\"delivery-time-data\">Versand innerhalb von 14 Tagen nach Geldeingang, Lieferzeit 3-5 Tage<\/span><\/span><\/p>\n\t\t\t\t\n\t\t\t\t<div class=\"wp-block-button wc-block-grid__product-add-to-cart\"><a href=\"\/index.php\/wp-json\/wp\/v2\/pages\/57?add-to-cart=918\" aria-label=\"In den Warenkorb legen: &bdquo;Kondome - Komm in den G&auml;ngen&ldquo;\" data-quantity=\"1\" data-product_id=\"918\" data-product_sku=\"G120\" data-price=\"2.5\" rel=\"nofollow\" class=\"wp-block-button__link  add_to_cart_button ajax_add_to_cart\">In den Warenkorb<\/a><\/div>\n\t\t\t<\/li>\n<li class=\"wc-block-grid__product\">\n\t\t\t\t<a href=\"https:\/\/shop.gaengeviertel.de\/index.php\/produkt\/geschirrtuch-kunstdruck-gaengeviertel\/\" class=\"wc-block-grid__product-link\">\n\t\t\t\t\t\n\t\t\t\t\t<div class=\"wc-block-grid__product-image\"><img loading=\"lazy\" decoding=\"async\" width=\"300\" height=\"400\" src=\"https:\/\/shop.gaengeviertel.de\/wp-content\/uploads\/2021\/04\/IMG_3549-300x400.jpeg\" class=\"attachment-woocommerce_thumbnail size-woocommerce_thumbnail\" alt=\"Tuch\" srcset=\"https:\/\/shop.gaengeviertel.de\/wp-content\/uploads\/2021\/04\/IMG_3549-300x400.jpeg 300w, https:\/\/shop.gaengeviertel.de\/wp-content\/uploads\/2021\/04\/IMG_3549-225x300.jpeg 225w, https:\/\/shop.gaengeviertel.de\/wp-content\/uploads\/2021\/04\/IMG_3549.jpeg 480w\" sizes=\"auto, (max-width: 300px) 100vw, 300px\"><\/div>\n\t\t\t\t\t<div class=\"wc-block-grid__product-title\">Geschirrtuch Kunstdruck G&auml;ngeviertel<\/div>\n\t\t\t\t<\/a>\n\t\t\t\t<div class=\"wc-block-grid__product-price price\"><span class=\"woocommerce-Price-amount amount\"><span class=\"woocommerce-Price-currencySymbol\">&euro;<\/span>12,00<\/span><\/div><p class=\"wc-gzd-additional-info wc-gzd-additional-info-loop tax-info\">inkl. 19 % MwSt.<\/p><p class=\"wc-gzd-additional-info wc-gzd-additional-info-loop shipping-costs-info\">zzgl. <a href=\"https:\/\/shop.gaengeviertel.de\/index.php\/versandarten\/\" target=\"_blank\">Versandkosten<\/a><\/p><p class=\"wc-gzd-additional-info delivery-time-info wc-gzd-additional-info-loop\"><span class=\"delivery-time-inner delivery-time-versand-innerhalb-von-14-tagen-nach-geldeingang-lieferzeit-3-5-tage\">Lieferzeit: <span class=\"delivery-time-data\">Versand innerhalb von 14 Tagen nach Geldeingang, Lieferzeit 3-5 Tage<\/span><\/span><\/p>\n\t\t\t\t\n\t\t\t\t<div class=\"wp-block-button wc-block-grid__product-add-to-cart\"><a href=\"\/index.php\/wp-json\/wp\/v2\/pages\/57?add-to-cart=704\" aria-label=\"In den Warenkorb legen: &bdquo;Geschirrtuch Kunstdruck G&auml;ngeviertel&ldquo;\" data-quantity=\"1\" data-product_id=\"704\" data-product_sku=\"g113\" data-price=\"12\" rel=\"nofollow\" class=\"wp-block-button__link  add_to_cart_button ajax_add_to_cart\">In den Warenkorb<\/a><\/div>\n\t\t\t<\/li>\n<li class=\"wc-block-grid__product\">\n\t\t\t\t<a href=\"https:\/\/shop.gaengeviertel.de\/index.php\/produkt\/t-shirt-gaengeviertel-street-art-style\/\" class=\"wc-block-grid__product-link\">\n\t\t\t\t\t\n\t\t\t\t\t<div class=\"wc-block-grid__product-image\"><img loading=\"lazy\" decoding=\"async\" width=\"300\" height=\"400\" src=\"https:\/\/shop.gaengeviertel.de\/wp-content\/uploads\/2021\/04\/IMG_2493-300x400.jpeg\" class=\"attachment-woocommerce_thumbnail size-woocommerce_thumbnail\" alt=\"G&Auml;NGEVIETEL\" srcset=\"https:\/\/shop.gaengeviertel.de\/wp-content\/uploads\/2021\/04\/IMG_2493-300x400.jpeg 300w, https:\/\/shop.gaengeviertel.de\/wp-content\/uploads\/2021\/04\/IMG_2493-225x300.jpeg 225w, https:\/\/shop.gaengeviertel.de\/wp-content\/uploads\/2021\/04\/IMG_2493.jpeg 480w\" sizes=\"auto, (max-width: 300px) 100vw, 300px\"><\/div>\n\t\t\t\t\t<div class=\"wc-block-grid__product-title\">T-Shirt G&auml;ngeviertel Street-Art Style<\/div>\n\t\t\t\t<\/a>\n\t\t\t\t<div class=\"wc-block-grid__product-price price\"><span class=\"woocommerce-Price-amount amount\"><span class=\"woocommerce-Price-currencySymbol\">&euro;<\/span>25,00<\/span><\/div><p class=\"wc-gzd-additional-info wc-gzd-additional-info-loop tax-info\">inkl. MwSt.<\/p><p class=\"wc-gzd-additional-info wc-gzd-additional-info-loop shipping-costs-info\">zzgl. <a href=\"https:\/\/shop.gaengeviertel.de\/index.php\/versandarten\/\" target=\"_blank\">Versandkosten<\/a><\/p><p class=\"wc-gzd-additional-info delivery-time-info wc-gzd-additional-info-loop\"><span class=\"delivery-time-inner delivery-time-versand-innerhalb-von-14-tagen-nach-geldeingang-lieferzeit-3-5-tage\">Lieferzeit: <span class=\"delivery-time-data\">Versand innerhalb von 14 Tagen nach Geldeingang, Lieferzeit 3-5 Tage<\/span><\/span><\/p>\n\t\t\t\t\n\t\t\t\t<div class=\"wp-block-button wc-block-grid__product-add-to-cart\"><a href=\"https:\/\/shop.gaengeviertel.de\/index.php\/produkt\/t-shirt-gaengeviertel-street-art-style\/\" aria-label=\"W&auml;hle Optionen f&uuml;r &bdquo;T-Shirt G&auml;ngeviertel Street-Art Style&ldquo;\" data-quantity=\"1\" data-product_id=\"709\" data-product_sku=\"\" data-price=\"25\" rel=\"nofollow\" class=\"wp-block-button__link  add_to_cart_button\">Ausf&uuml;hrung w&auml;hlen<\/a><\/div>\n\t\t\t<\/li>\n<li class=\"wc-block-grid__product\">\n\t\t\t\t<a href=\"https:\/\/shop.gaengeviertel.de\/index.php\/produkt\/t-shirt-gaeng\/\" class=\"wc-block-grid__product-link\">\n\t\t\t\t\t\n\t\t\t\t\t<div class=\"wc-block-grid__product-image\"><img loading=\"lazy\" decoding=\"async\" width=\"300\" height=\"400\" src=\"https:\/\/shop.gaengeviertel.de\/wp-content\/uploads\/2021\/04\/IMG_3552-300x400.jpeg\" class=\"attachment-woocommerce_thumbnail size-woocommerce_thumbnail\" alt=\"G&Auml;NG\"><\/div>\n\t\t\t\t\t<div class=\"wc-block-grid__product-title\">T-Shirt G&Auml;NG<\/div>\n\t\t\t\t<\/a>\n\t\t\t\t<div class=\"wc-block-grid__product-price price\"><span class=\"woocommerce-Price-amount amount\"><span class=\"woocommerce-Price-currencySymbol\">&euro;<\/span>25,00<\/span><\/div><p class=\"wc-gzd-additional-info wc-gzd-additional-info-loop tax-info\">inkl. MwSt.<\/p><p class=\"wc-gzd-additional-info wc-gzd-additional-info-loop shipping-costs-info\">zzgl. <a href=\"https:\/\/shop.gaengeviertel.de\/index.php\/versandarten\/\" target=\"_blank\">Versandkosten<\/a><\/p><p class=\"wc-gzd-additional-info delivery-time-info wc-gzd-additional-info-loop\"><span class=\"delivery-time-inner delivery-time-versand-innerhalb-von-14-tagen-nach-geldeingang-lieferzeit-3-5-tage\">Lieferzeit: <span class=\"delivery-time-data\">Versand innerhalb von 14 Tagen nach Geldeingang, Lieferzeit 3-5 Tage<\/span><\/span><\/p>\n\t\t\t\t\n\t\t\t\t<div class=\"wp-block-button wc-block-grid__product-add-to-cart\"><a href=\"https:\/\/shop.gaengeviertel.de\/index.php\/produkt\/t-shirt-gaeng\/\" aria-label=\"W&auml;hle Optionen f&uuml;r &bdquo;T-Shirt G&Auml;NG&ldquo;\" data-quantity=\"1\" data-product_id=\"687\" data-product_sku=\"s19\" data-price=\"25\" rel=\"nofollow\" class=\"wp-block-button__link  add_to_cart_button\">Ausf&uuml;hrung w&auml;hlen<\/a><\/div>\n\t\t\t<\/li>\n<li class=\"wc-block-grid__product\">\n\t\t\t\t<a href=\"https:\/\/shop.gaengeviertel.de\/index.php\/produkt\/muetze-komm-in-die-gaenge\/\" class=\"wc-block-grid__product-link\">\n\t\t\t\t\t\n\t\t\t\t\t<div class=\"wc-block-grid__product-image\"><img loading=\"lazy\" decoding=\"async\" width=\"300\" height=\"400\" src=\"https:\/\/shop.gaengeviertel.de\/wp-content\/uploads\/2021\/02\/IMG_2150-300x400.jpeg\" class=\"attachment-woocommerce_thumbnail size-woocommerce_thumbnail\" alt=\"M&uuml;tze KOMM IN DIE G&Auml;NGE\" srcset=\"https:\/\/shop.gaengeviertel.de\/wp-content\/uploads\/2021\/02\/IMG_2150-300x400.jpeg 300w, https:\/\/shop.gaengeviertel.de\/wp-content\/uploads\/2021\/02\/IMG_2150-225x300.jpeg 225w, https:\/\/shop.gaengeviertel.de\/wp-content\/uploads\/2021\/02\/IMG_2150-768x1024.jpeg 768w, https:\/\/shop.gaengeviertel.de\/wp-content\/uploads\/2021\/02\/IMG_2150-1152x1536.jpeg 1152w, https:\/\/shop.gaengeviertel.de\/wp-content\/uploads\/2021\/02\/IMG_2150-1536x2048.jpeg 1536w, https:\/\/shop.gaengeviertel.de\/wp-content\/uploads\/2021\/02\/IMG_2150-870x1160.jpeg 870w, https:\/\/shop.gaengeviertel.de\/wp-content\/uploads\/2021\/02\/IMG_2150-1860x2480.jpeg 1860w, https:\/\/shop.gaengeviertel.de\/wp-content\/uploads\/2021\/02\/IMG_2150-600x800.jpeg 600w, https:\/\/shop.gaengeviertel.de\/wp-content\/uploads\/2021\/02\/IMG_2150-scaled.jpeg 1920w\" sizes=\"auto, (max-width: 300px) 100vw, 300px\"><\/div>\n\t\t\t\t\t<div class=\"wc-block-grid__product-title\">M&uuml;tze KOMM IN DIE G&Auml;NGE<\/div>\n\t\t\t\t<\/a>\n\t\t\t\t<div class=\"wc-block-grid__product-price price\"><span class=\"woocommerce-Price-amount amount\"><span class=\"woocommerce-Price-currencySymbol\">&euro;<\/span>15,00<\/span><\/div><p class=\"wc-gzd-additional-info wc-gzd-additional-info-loop tax-info\">inkl. 19 % MwSt.<\/p><p class=\"wc-gzd-additional-info wc-gzd-additional-info-loop shipping-costs-info\">zzgl. <a href=\"https:\/\/shop.gaengeviertel.de\/index.php\/versandarten\/\" target=\"_blank\">Versandkosten<\/a><\/p><p class=\"wc-gzd-additional-info delivery-time-info wc-gzd-additional-info-loop\"><span class=\"delivery-time-inner delivery-time-versand-innerhalb-von-14-tagen-nach-geldeingang-lieferzeit-3-5-tage\">Lieferzeit: <span class=\"delivery-time-data\">Versand innerhalb von 14 Tagen nach Geldeingang, Lieferzeit 3-5 Tage<\/span><\/span><\/p>\n\t\t\t\t\n\t\t\t\t<div class=\"wp-block-button wc-block-grid__product-add-to-cart\"><a href=\"\/index.php\/wp-json\/wp\/v2\/pages\/57?add-to-cart=706\" aria-label=\"In den Warenkorb legen: &bdquo;M&uuml;tze KOMM IN DIE G&Auml;NGE&ldquo;\" data-quantity=\"1\" data-product_id=\"706\" data-product_sku=\"m2\" data-price=\"15\" rel=\"nofollow\" class=\"wp-block-button__link  add_to_cart_button ajax_add_to_cart\">In den Warenkorb<\/a><\/div>\n\t\t\t<\/li>\n<li class=\"wc-block-grid__product\">\n\t\t\t\t<a href=\"https:\/\/shop.gaengeviertel.de\/index.php\/produkt\/notizbuechlein-h%cc%b5ae%cc%b5t%cc%b5t%cc%b5e%cc%b5-%cc%b5s%cc%b5o%cc%b5l%cc%b5l%cc%b5t%cc%b5e%cc%b5-%cc%b5k%cc%b5oe%cc%b5n%cc%b5n%cc%b5t%cc%b5e%cc%b5-machen\/\" class=\"wc-block-grid__product-link\">\n\t\t\t\t\t\n\t\t\t\t\t<div class=\"wc-block-grid__product-image\"><img loading=\"lazy\" decoding=\"async\" width=\"300\" height=\"400\" src=\"https:\/\/shop.gaengeviertel.de\/wp-content\/uploads\/2021\/02\/IMG_1931-300x400.jpeg\" class=\"attachment-woocommerce_thumbnail size-woocommerce_thumbnail\" alt=\"Notizb&uuml;chlein h&#821;&auml;&#821;t&#821;t&#821;e&#821; &#821;s&#821;o&#821;l&#821;l&#821;t&#821;e&#821; &#821;k&#821;&ouml;&#821;n&#821;n&#821;t&#821;e&#821; Machen!!!\"><\/div>\n\t\t\t\t\t<div class=\"wc-block-grid__product-title\">Notizb&uuml;chlein h&#821;&auml;&#821;t&#821;t&#821;e&#821; &#821;s&#821;o&#821;l&#821;l&#821;t&#821;e&#821; &#821;k&#821;&ouml;&#821;n&#821;n&#821;t&#821;e&#821; Machen!!!<\/div>\n\t\t\t\t<\/a>\n\t\t\t\t<div class=\"wc-block-grid__product-price price\"><span class=\"woocommerce-Price-amount amount\"><span class=\"woocommerce-Price-currencySymbol\">&euro;<\/span>4,50<\/span><\/div><p class=\"wc-gzd-additional-info wc-gzd-additional-info-loop tax-info\">inkl. 19 % MwSt.<\/p><p class=\"wc-gzd-additional-info wc-gzd-additional-info-loop shipping-costs-info\">zzgl. <a href=\"https:\/\/shop.gaengeviertel.de\/index.php\/versandarten\/\" target=\"_blank\">Versandkosten<\/a><\/p><p class=\"wc-gzd-additional-info delivery-time-info wc-gzd-additional-info-loop\"><span class=\"delivery-time-inner delivery-time-versand-innerhalb-von-14-tagen-nach-geldeingang-lieferzeit-3-5-tage\">Lieferzeit: <span class=\"delivery-time-data\">Versand innerhalb von 14 Tagen nach Geldeingang, Lieferzeit 3-5 Tage<\/span><\/span><\/p>\n\t\t\t\t\n\t\t\t\t<div class=\"wp-block-button wc-block-grid__product-add-to-cart\"><a href=\"\/index.php\/wp-json\/wp\/v2\/pages\/57?add-to-cart=722\" aria-label=\"In den Warenkorb legen: &bdquo;Notizb&uuml;chlein h&#821;&auml;&#821;t&#821;t&#821;e&#821; &#821;s&#821;o&#821;l&#821;l&#821;t&#821;e&#821; &#821;k&#821;&ouml;&#821;n&#821;n&#821;t&#821;e&#821; Machen!!!&ldquo;\" data-quantity=\"1\" data-product_id=\"722\" data-product_sku=\"g114\" data-price=\"4.5\" rel=\"nofollow\" class=\"wp-block-button__link  add_to_cart_button ajax_add_to_cart\">In den Warenkorb<\/a><\/div>\n\t\t\t<\/li>\n<\/ul><\/div>\n\n\n<div class=\"wp-block-group alignwide\"><div class=\"wp-block-group__inner-container is-layout-flow wp-block-group-is-layout-flow\">\n<div class=\"wp-block-media-text alignwide has-media-on-the-right\"><figure class=\"wp-block-media-text__media\"><img decoding=\"async\" src=\"https:\/\/shop.gaengeviertel.de\/wp-content\/uploads\/2020\/04\/fill_730x380_bp1584559140_cadus_-_flyer_reihe_quer_2018_Kopie_Zeichenfl\u00e4che_1_Kopie_5.jpg\" alt=\"\" class=\"wp-image-72\"\/><\/figure><div class=\"wp-block-media-text__content\">\n<p>CADUS ist eine gemeinn\u00fctzige und unabh\u00e4ngige Hilfsorganisation mit Hauptsitz in Berlin und regionalen B\u00fcros in Nord-Irak und Nordost-Syrien. Wir arbeiten dort, wo kaum andere Hilfsorganisationen t\u00e4tig sind. Uns ist die Kooperation mit lokalen Partner*innen besonders wichtig, sowie die kritische Reflexion humanit\u00e4rer Praxis.&nbsp;<\/p>\n\n\n\n<p><a href=\"https:\/\/www.betterplace.org\/de\/projects\/61851?utm_campaign=user_share&amp;utm_medium=ppp_stats&amp;utm_source=Link\">https:\/\/www.betterplace.org\/de\/projects\/61851<\/a><\/p>\n\n\n\n<p><\/p>\n<\/div><\/div>\n<\/div><\/div>\n\n\n\n<div class=\"wp-block-media-text alignwide\" style=\"grid-template-columns:61% auto\"><figure class=\"wp-block-media-text__media\"><img loading=\"lazy\" decoding=\"async\" width=\"471\" height=\"107\" src=\"https:\/\/shop.gaengeviertel.de\/wp-content\/uploads\/2020\/04\/leavenoonebehind.png\" alt=\"\" class=\"wp-image-77\" srcset=\"https:\/\/shop.gaengeviertel.de\/wp-content\/uploads\/2020\/04\/leavenoonebehind.png 471w, https:\/\/shop.gaengeviertel.de\/wp-content\/uploads\/2020\/04\/leavenoonebehind-300x68.png 300w\" sizes=\"auto, (max-width: 471px) 100vw, 471px\" \/><\/figure><div class=\"wp-block-media-text__content\">\n<p>#LeaveNoOneBehind: Die Corona-Katastrophe an den Au\u00dfengrenzen verhindern!<\/p>\n\n\n\n<p><a href=\"https:\/\/www.betterplace.org\/de\/projects\/78121-leavenoonebehind-die-corona-katastrophe-an-den-aussengrenzen-verhindern\">https:\/\/www.betterplace.org\/de\/projects\/78121-leavenoonebehind-die-corona-katastrophe-an-den-aussengrenzen-verhindern<\/a><\/p>\n\n\n\n<p><\/p>\n<\/div><\/div>\n\n\n","protected":false},"excerpt":{"rendered":"<p>Neuestes CADUS ist eine gemeinn\u00fctzige und unabh\u00e4ngige Hilfsorganisation mit Hauptsitz in Berlin und regionalen B\u00fcros in Nord-Irak und Nordost-Syrien. Wir arbeiten dort, wo kaum andere Hilfsorganisationen t\u00e4tig sind. Uns ist die Kooperation mit lokalen Partner*innen besonders wichtig, sowie die kritische Reflexion humanit\u00e4rer Praxis.&nbsp; https:\/\/www.betterplace.org\/de\/projects\/61851 #LeaveNoOneBehind: Die Corona-Katastrophe an den Au\u00dfengrenzen verhindern! https:\/\/www.betterplace.org\/de\/projects\/78121-leavenoonebehind-die-corona-katastrophe-an-den-aussengrenzen-verhindern<\/p>\n","protected":false},"author":1,"featured_media":0,"parent":0,"menu_order":0,"comment_status":"closed","ping_status":"closed","template":"","meta":{"footnotes":""},"class_list":["post-57","page","type-page","status-publish","hentry"],"_links":{"self":[{"href":"https:\/\/shop.gaengeviertel.de\/index.php\/wp-json\/wp\/v2\/pages\/57","targetHints":{"allow":["GET"]}}],"collection":[{"href":"https:\/\/shop.gaengeviertel.de\/index.php\/wp-json\/wp\/v2\/pages"}],"about":[{"href":"https:\/\/shop.gaengeviertel.de\/index.php\/wp-json\/wp\/v2\/types\/page"}],"author":[{"embeddable":true,"href":"https:\/\/shop.gaengeviertel.de\/index.php\/wp-json\/wp\/v2\/users\/1"}],"replies":[{"embeddable":true,"href":"https:\/\/shop.gaengeviertel.de\/index.php\/wp-json\/wp\/v2\/comments?post=57"}],"version-history":[{"count":23,"href":"https:\/\/shop.gaengeviertel.de\/index.php\/wp-json\/wp\/v2\/pages\/57\/revisions"}],"predecessor-version":[{"id":510,"href":"https:\/\/shop.gaengeviertel.de\/index.php\/wp-json\/wp\/v2\/pages\/57\/revisions\/510"}],"wp:attachment":[{"href":"https:\/\/shop.gaengeviertel.de\/index.php\/wp-json\/wp\/v2\/media?parent=57"}],"curies":[{"name":"wp","href":"https:\/\/api.w.org\/{rel}","templated":true}]}}