{"id":321,"date":"2020-04-25T20:45:19","date_gmt":"2020-04-25T20:45:19","guid":{"rendered":"https:\/\/shop.gaengeviertel.de\/index.php\/bezahlmoeglichkeiten\/"},"modified":"2020-04-25T20:45:19","modified_gmt":"2020-04-25T20:45:19","slug":"bezahlmoeglichkeiten","status":"publish","type":"page","link":"https:\/\/shop.gaengeviertel.de\/index.php\/bezahlmoeglichkeiten\/","title":{"rendered":"Zahlungsarten"},"content":{"rendered":"<div class=\"woocommerce woocommerce-gzd\">\n\t<ul class=\"payment_methods methods\">\n\t\t\t\t\t<li class=\"payment_method_bacs\">\n\t\t\t\t<label>Direkte Bank\u00fcberweisung<\/label>\n\t\t\t\t\t\t\t\t\t<div class=\"payment_box payment_method_bacs\">\n\t\t\t\t\t\t<p>\u00dcberweise direkt an unsere Bankverbindung. Bitte nutze die Bestellnummer als Verwendungszweck. Deine Bestellung wird erst nach Geldeingang auf unserem Konto versandt.<\/p>\n\t\t\t\t\t<\/div>\n\t\t\t\t\t\t\t<\/li>\n\t\t\t\t\t<li class=\"payment_method_paypal\">\n\t\t\t\t<label>PayPal<img decoding=\"async\" src=\"https:\/\/shop.gaengeviertel.de\/wp-content\/plugins\/woocommerce\/includes\/gateways\/paypal\/assets\/images\/paypal.png\" alt=\"\u201ePaypal akzeptiert\u201c-Logo\" \/><a href=\"https:\/\/www.paypal.com\/de\/webapps\/mpp\/paypal-popup\" class=\"about_paypal\">Was ist PayPal?<\/a><\/label>\n\t\t\t\t\t\t\t\t\t<div class=\"payment_box payment_method_paypal\">\n\t\t\t\t\t\t<p>Mit Paypal bezahlen. Solltest du keinen Paypal-Account besitzen, kannst du auch mit deiner Kreditkarte bezahlen.<\/p>\n\t\t\t\t\t<\/div>\n\t\t\t\t\t\t\t<\/li>\n\t\t\t\t\t<li class=\"payment_method_sumup\">\n\t\t\t\t<label>Mit SumUp bezahlen<\/label>\n\t\t\t\t\t\t\t\t\t<div class=\"payment_box payment_method_sumup\">\n\t\t\t\t\t\t<p>Sie k\u00f6nnen ausw\u00e4hlen, wie Sie nach Aufgabe Ihrer Bestellung bezahlen m\u00f6chten.<\/p>\n\t\t\t\t\t<\/div>\n\t\t\t\t\t\t\t<\/li>\n\t\t\t<\/ul>\n<\/div>\n","protected":false},"excerpt":{"rendered":"","protected":false},"author":1,"featured_media":0,"parent":0,"menu_order":0,"comment_status":"closed","ping_status":"closed","template":"","meta":{"footnotes":""},"class_list":["post-321","page","type-page","status-publish","hentry"],"_links":{"self":[{"href":"https:\/\/shop.gaengeviertel.de\/index.php\/wp-json\/wp\/v2\/pages\/321","targetHints":{"allow":["GET"]}}],"collection":[{"href":"https:\/\/shop.gaengeviertel.de\/index.php\/wp-json\/wp\/v2\/pages"}],"about":[{"href":"https:\/\/shop.gaengeviertel.de\/index.php\/wp-json\/wp\/v2\/types\/page"}],"author":[{"embeddable":true,"href":"https:\/\/shop.gaengeviertel.de\/index.php\/wp-json\/wp\/v2\/users\/1"}],"replies":[{"embeddable":true,"href":"https:\/\/shop.gaengeviertel.de\/index.php\/wp-json\/wp\/v2\/comments?post=321"}],"version-history":[{"count":0,"href":"https:\/\/shop.gaengeviertel.de\/index.php\/wp-json\/wp\/v2\/pages\/321\/revisions"}],"wp:attachment":[{"href":"https:\/\/shop.gaengeviertel.de\/index.php\/wp-json\/wp\/v2\/media?parent=321"}],"curies":[{"name":"wp","href":"https:\/\/api.w.org\/{rel}","templated":true}]}}